{"id":17565,"date":"2022-08-12T16:44:57","date_gmt":"2022-08-12T14:44:57","guid":{"rendered":"https:\/\/silkcartridges.com\/?post_type=product&#038;p=17565"},"modified":"2026-03-31T10:32:34","modified_gmt":"2026-03-31T08:32:34","slug":"handschoenen-nitril","status":"publish","type":"product","link":"https:\/\/silkcartridges.com\/en\/product\/handschoenen-nitril","title":{"rendered":"Titanleg: De ultieme armsteun"},"content":{"rendered":"<p><strong>Titanleg: De ultieme armsteun voor tatoeage- en PMU-studio&#8217;s<\/strong><br \/>\nErvaar comfort en flexibiliteit met de <strong>Titanleg<\/strong> armsteun. Ontworpen voor ergonomisch en hygi\u00ebnisch werken, biedt deze innovatieve armsteun traploze instelmogelijkheden met slechts \u00e9\u00e9n hand. Met een verstelbare hoogte van <strong>72 tot 122 cm<\/strong> en een royaal kussen van <strong>40&#215;70 cm<\/strong>, is de Titanleg perfect afgestemd op de behoeften van iedere artiest. Kies zelf tussen de meegeleverde <strong>wieltjes<\/strong> of <strong>voetjes<\/strong> voor maximale stabiliteit en mobiliteit. De Titanleg combineert gebruiksgemak en veelzijdigheid in \u00e9\u00e9n strak ontworpen product \u2013 onmisbaar in elke studio!<\/p>","protected":false},"excerpt":{"rendered":"<p>100 handschoenen per doos.<br \/>\nBlauw<\/p>\n<p>Voldoet aan de NEN norm<br \/>\nEN: 455 420 375<\/p>","protected":false},"featured_media":19016,"comment_status":"closed","ping_status":"closed","template":"","meta":{"inline_featured_image":false},"product_cat":[15],"product_tag":[],"class_list":{"0":"post-17565","1":"product","2":"type-product","3":"status-publish","4":"has-post-thumbnail","6":"product_cat-algemeen","7":"product_shipping_class-standaard","9":"first","10":"instock","11":"taxable","12":"shipping-taxable","13":"purchasable","14":"product-type-simple"},"yoast_head":"<!-- This site is optimized with the Yoast SEO plugin v27.4 - https:\/\/yoast.com\/product\/yoast-seo-wordpress\/ -->\n<title>Titanleg: De ultieme armsteun - Silk Cartridges<\/title>\n<meta name=\"robots\" content=\"index, follow, max-snippet:-1, max-image-preview:large, max-video-preview:-1\" \/>\n<link rel=\"canonical\" href=\"https:\/\/silkcartridges.com\/en\/product\/handschoenen-nitril\/\" \/>\n<meta property=\"og:locale\" content=\"en_GB\" \/>\n<meta property=\"og:type\" content=\"article\" \/>\n<meta property=\"og:title\" content=\"Titanleg: De ultieme armsteun - Silk Cartridges\" \/>\n<meta property=\"og:description\" content=\"100 handschoenen per doos. Blauw  Voldoet aan de NEN norm EN: 455 420 375\" \/>\n<meta property=\"og:url\" content=\"https:\/\/silkcartridges.com\/en\/product\/handschoenen-nitril\/\" \/>\n<meta property=\"og:site_name\" content=\"Silk Cartridges\" \/>\n<meta property=\"article:modified_time\" content=\"2026-03-31T08:32:34+00:00\" \/>\n<meta property=\"og:image\" content=\"https:\/\/silkcartridges.com\/wp-content\/uploads\/2024\/12\/titanleg-scaled.jpg\" \/>\n\t<meta property=\"og:image:width\" content=\"1810\" \/>\n\t<meta property=\"og:image:height\" content=\"2560\" \/>\n\t<meta property=\"og:image:type\" content=\"image\/jpeg\" \/>\n<meta name=\"twitter:card\" content=\"summary_large_image\" \/>\n<meta name=\"twitter:label1\" content=\"Estimated reading time\" \/>\n\t<meta name=\"twitter:data1\" content=\"1 minute\" \/>\n<script type=\"application\/ld+json\" class=\"yoast-schema-graph\">{\"@context\":\"https:\\\/\\\/schema.org\",\"@graph\":[{\"@type\":\"WebPage\",\"@id\":\"https:\\\/\\\/silkcartridges.com\\\/nl\\\/product\\\/handschoenen-nitril\",\"url\":\"https:\\\/\\\/silkcartridges.com\\\/nl\\\/product\\\/handschoenen-nitril\",\"name\":\"Titanleg: De ultieme armsteun - Silk Cartridges\",\"isPartOf\":{\"@id\":\"https:\\\/\\\/silkcartridges.com\\\/#website\"},\"primaryImageOfPage\":{\"@id\":\"https:\\\/\\\/silkcartridges.com\\\/nl\\\/product\\\/handschoenen-nitril#primaryimage\"},\"image\":{\"@id\":\"https:\\\/\\\/silkcartridges.com\\\/nl\\\/product\\\/handschoenen-nitril#primaryimage\"},\"thumbnailUrl\":\"https:\\\/\\\/silkcartridges.com\\\/wp-content\\\/uploads\\\/2024\\\/12\\\/titanleg-scaled.jpg\",\"datePublished\":\"2022-08-12T14:44:57+00:00\",\"dateModified\":\"2026-03-31T08:32:34+00:00\",\"breadcrumb\":{\"@id\":\"https:\\\/\\\/silkcartridges.com\\\/nl\\\/product\\\/handschoenen-nitril#breadcrumb\"},\"inLanguage\":\"en-GB\",\"potentialAction\":[{\"@type\":\"ReadAction\",\"target\":[\"https:\\\/\\\/silkcartridges.com\\\/nl\\\/product\\\/handschoenen-nitril\"]}]},{\"@type\":\"ImageObject\",\"inLanguage\":\"en-GB\",\"@id\":\"https:\\\/\\\/silkcartridges.com\\\/nl\\\/product\\\/handschoenen-nitril#primaryimage\",\"url\":\"https:\\\/\\\/silkcartridges.com\\\/wp-content\\\/uploads\\\/2024\\\/12\\\/titanleg-scaled.jpg\",\"contentUrl\":\"https:\\\/\\\/silkcartridges.com\\\/wp-content\\\/uploads\\\/2024\\\/12\\\/titanleg-scaled.jpg\",\"width\":1810,\"height\":2560},{\"@type\":\"BreadcrumbList\",\"@id\":\"https:\\\/\\\/silkcartridges.com\\\/nl\\\/product\\\/handschoenen-nitril#breadcrumb\",\"itemListElement\":[{\"@type\":\"ListItem\",\"position\":1,\"name\":\"Home\",\"item\":\"https:\\\/\\\/silkcartridges.com\\\/\"},{\"@type\":\"ListItem\",\"position\":2,\"name\":\"Shop\",\"item\":\"https:\\\/\\\/silkcartridges.com\\\/nl\\\/shop\"},{\"@type\":\"ListItem\",\"position\":3,\"name\":\"Titanleg: De ultieme armsteun\"}]},{\"@type\":\"WebSite\",\"@id\":\"https:\\\/\\\/silkcartridges.com\\\/#website\",\"url\":\"https:\\\/\\\/silkcartridges.com\\\/\",\"name\":\"Silk Cartridges\",\"description\":\"\",\"publisher\":{\"@id\":\"https:\\\/\\\/silkcartridges.com\\\/#organization\"},\"potentialAction\":[{\"@type\":\"SearchAction\",\"target\":{\"@type\":\"EntryPoint\",\"urlTemplate\":\"https:\\\/\\\/silkcartridges.com\\\/?s={search_term_string}\"},\"query-input\":{\"@type\":\"PropertyValueSpecification\",\"valueRequired\":true,\"valueName\":\"search_term_string\"}}],\"inLanguage\":\"en-GB\"},{\"@type\":\"Organization\",\"@id\":\"https:\\\/\\\/silkcartridges.com\\\/#organization\",\"name\":\"Silk Cartridges\",\"url\":\"https:\\\/\\\/silkcartridges.com\\\/\",\"logo\":{\"@type\":\"ImageObject\",\"inLanguage\":\"en-GB\",\"@id\":\"https:\\\/\\\/silkcartridges.com\\\/#\\\/schema\\\/logo\\\/image\\\/\",\"url\":\"https:\\\/\\\/silkcartridges.com\\\/wp-content\\\/uploads\\\/2021\\\/12\\\/cropped-sylk-logo-01-01.png\",\"contentUrl\":\"https:\\\/\\\/silkcartridges.com\\\/wp-content\\\/uploads\\\/2021\\\/12\\\/cropped-sylk-logo-01-01.png\",\"width\":1250,\"height\":834,\"caption\":\"Silk Cartridges\"},\"image\":{\"@id\":\"https:\\\/\\\/silkcartridges.com\\\/#\\\/schema\\\/logo\\\/image\\\/\"}}]}<\/script>\n<!-- \/ Yoast SEO plugin. -->","yoast_head_json":{"title":"Titanleg: De ultieme armsteun - Silk Cartridges","robots":{"index":"index","follow":"follow","max-snippet":"max-snippet:-1","max-image-preview":"max-image-preview:large","max-video-preview":"max-video-preview:-1"},"canonical":"https:\/\/silkcartridges.com\/en\/product\/handschoenen-nitril\/","og_locale":"en_GB","og_type":"article","og_title":"Titanleg: De ultieme armsteun - Silk Cartridges","og_description":"100 handschoenen per doos. Blauw  Voldoet aan de NEN norm EN: 455 420 375","og_url":"https:\/\/silkcartridges.com\/en\/product\/handschoenen-nitril\/","og_site_name":"Silk Cartridges","article_modified_time":"2026-03-31T08:32:34+00:00","og_image":[{"width":1810,"height":2560,"url":"https:\/\/silkcartridges.com\/wp-content\/uploads\/2024\/12\/titanleg-scaled.jpg","type":"image\/jpeg"}],"twitter_card":"summary_large_image","twitter_misc":{"Estimated reading time":"1 minute"},"schema":{"@context":"https:\/\/schema.org","@graph":[{"@type":"WebPage","@id":"https:\/\/silkcartridges.com\/nl\/product\/handschoenen-nitril","url":"https:\/\/silkcartridges.com\/nl\/product\/handschoenen-nitril","name":"Titanleg: De ultieme armsteun - Silk Cartridges","isPartOf":{"@id":"https:\/\/silkcartridges.com\/#website"},"primaryImageOfPage":{"@id":"https:\/\/silkcartridges.com\/nl\/product\/handschoenen-nitril#primaryimage"},"image":{"@id":"https:\/\/silkcartridges.com\/nl\/product\/handschoenen-nitril#primaryimage"},"thumbnailUrl":"https:\/\/silkcartridges.com\/wp-content\/uploads\/2024\/12\/titanleg-scaled.jpg","datePublished":"2022-08-12T14:44:57+00:00","dateModified":"2026-03-31T08:32:34+00:00","breadcrumb":{"@id":"https:\/\/silkcartridges.com\/nl\/product\/handschoenen-nitril#breadcrumb"},"inLanguage":"en-GB","potentialAction":[{"@type":"ReadAction","target":["https:\/\/silkcartridges.com\/nl\/product\/handschoenen-nitril"]}]},{"@type":"ImageObject","inLanguage":"en-GB","@id":"https:\/\/silkcartridges.com\/nl\/product\/handschoenen-nitril#primaryimage","url":"https:\/\/silkcartridges.com\/wp-content\/uploads\/2024\/12\/titanleg-scaled.jpg","contentUrl":"https:\/\/silkcartridges.com\/wp-content\/uploads\/2024\/12\/titanleg-scaled.jpg","width":1810,"height":2560},{"@type":"BreadcrumbList","@id":"https:\/\/silkcartridges.com\/nl\/product\/handschoenen-nitril#breadcrumb","itemListElement":[{"@type":"ListItem","position":1,"name":"Home","item":"https:\/\/silkcartridges.com\/"},{"@type":"ListItem","position":2,"name":"Shop","item":"https:\/\/silkcartridges.com\/nl\/shop"},{"@type":"ListItem","position":3,"name":"Titanleg: De ultieme armsteun"}]},{"@type":"WebSite","@id":"https:\/\/silkcartridges.com\/#website","url":"https:\/\/silkcartridges.com\/","name":"Silk Cartridges","description":"","publisher":{"@id":"https:\/\/silkcartridges.com\/#organization"},"potentialAction":[{"@type":"SearchAction","target":{"@type":"EntryPoint","urlTemplate":"https:\/\/silkcartridges.com\/?s={search_term_string}"},"query-input":{"@type":"PropertyValueSpecification","valueRequired":true,"valueName":"search_term_string"}}],"inLanguage":"en-GB"},{"@type":"Organization","@id":"https:\/\/silkcartridges.com\/#organization","name":"Silk Cartridges","url":"https:\/\/silkcartridges.com\/","logo":{"@type":"ImageObject","inLanguage":"en-GB","@id":"https:\/\/silkcartridges.com\/#\/schema\/logo\/image\/","url":"https:\/\/silkcartridges.com\/wp-content\/uploads\/2021\/12\/cropped-sylk-logo-01-01.png","contentUrl":"https:\/\/silkcartridges.com\/wp-content\/uploads\/2021\/12\/cropped-sylk-logo-01-01.png","width":1250,"height":834,"caption":"Silk Cartridges"},"image":{"@id":"https:\/\/silkcartridges.com\/#\/schema\/logo\/image\/"}}]}},"_links":{"self":[{"href":"https:\/\/silkcartridges.com\/en\/wp-json\/wp\/v2\/product\/17565","targetHints":{"allow":["GET"]}}],"collection":[{"href":"https:\/\/silkcartridges.com\/en\/wp-json\/wp\/v2\/product"}],"about":[{"href":"https:\/\/silkcartridges.com\/en\/wp-json\/wp\/v2\/types\/product"}],"replies":[{"embeddable":true,"href":"https:\/\/silkcartridges.com\/en\/wp-json\/wp\/v2\/comments?post=17565"}],"wp:featuredmedia":[{"embeddable":true,"href":"https:\/\/silkcartridges.com\/en\/wp-json\/wp\/v2\/media\/19016"}],"wp:attachment":[{"href":"https:\/\/silkcartridges.com\/en\/wp-json\/wp\/v2\/media?parent=17565"}],"wp:term":[{"taxonomy":"product_cat","embeddable":true,"href":"https:\/\/silkcartridges.com\/en\/wp-json\/wp\/v2\/product_cat?post=17565"},{"taxonomy":"product_tag","embeddable":true,"href":"https:\/\/silkcartridges.com\/en\/wp-json\/wp\/v2\/product_tag?post=17565"}],"curies":[{"name":"wp","href":"https:\/\/api.w.org\/{rel}","templated":true}]}}