{"id":19010,"date":"2024-12-17T09:18:21","date_gmt":"2024-12-17T08:18:21","guid":{"rendered":"https:\/\/silkcartridges.com\/?post_type=product&#038;p=19010"},"modified":"2025-12-01T09:38:58","modified_gmt":"2025-12-01T08:38:58","slug":"titanleg","status":"publish","type":"product","link":"https:\/\/silkcartridges.com\/nl\/product\/titanleg","title":{"rendered":"Black Friday! TitanLeg: de ultieme armsteun"},"content":{"rendered":"<p><strong>Titanleg: De ultieme armsteun voor tatoeage- en PMU-studio&#8217;s<\/strong><br \/>\nErvaar comfort en flexibiliteit met de <strong>Titanleg<\/strong> armsteun. Ontworpen voor ergonomisch en hygi\u00ebnisch werken, biedt deze innovatieve armsteun traploze instelmogelijkheden met slechts \u00e9\u00e9n hand. Met een verstelbare hoogte van <strong>72 tot 122 cm<\/strong> en een royaal kussen van <strong>40&#215;70 cm<\/strong>, is de Titanleg perfect afgestemd op de behoeften van iedere artiest. Kies zelf tussen de meegeleverde <strong>wieltjes<\/strong> of <strong>voetjes<\/strong> voor maximale stabiliteit en mobiliteit. De Titanleg combineert gebruiksgemak en veelzijdigheid in \u00e9\u00e9n strak ontworpen product \u2013 onmisbaar in elke studio!<\/p>\n<p><span style=\"text-decoration: underline;\"><strong>Black Frida<\/strong><strong>y<\/strong><strong data-start=\"1933\" data-end=\"1978\">\u00a0TitanLeg Actie \u2013 Voorwaarden<\/strong><\/span><\/p>\n<ol data-start=\"1980\" data-end=\"2391\">\n<li data-start=\"1980\" data-end=\"2031\">\n<p data-start=\"1983\" data-end=\"2031\">Actieperiode: <strong data-start=\"1997\" data-end=\"2028\">25 november t\/m 30 november<\/strong>.<\/p>\n<\/li>\n<li data-start=\"2032\" data-end=\"2096\">\n<p data-start=\"2035\" data-end=\"2096\">Actieprijs: <strong data-start=\"2047\" data-end=\"2078\">\u20ac300 excl. btw per TitanLeg<\/strong> (normaal \u20ac350).<\/p>\n<\/li>\n<li data-start=\"2097\" data-end=\"2151\">\n<p data-start=\"2100\" data-end=\"2151\">Geldig voor alle B2B-klanten, buiten NL alleen met geldig BTW nummer (VIES check).<\/p>\n<\/li>\n<li data-start=\"2152\" data-end=\"2274\">\n<p data-start=\"2155\" data-end=\"2274\"><strong data-start=\"2155\" data-end=\"2180\">Backorder toegestaan:<\/strong> bestellingen kunnen tegen actieprijs geplaatst worden in de actieperiode, ook als de voorraad tijdelijk op is.<\/p>\n<\/li>\n<li data-start=\"2275\" data-end=\"2331\">\n<p data-start=\"2278\" data-end=\"2331\">Betalings- en levervoorwaarden blijven ongewijzigd.<\/p>\n<\/li>\n<li data-start=\"2332\" data-end=\"2391\">\n<p data-start=\"2335\" data-end=\"2391\">Actiekorting geldt alleen tijdens de aangegeven periode.<\/p>\n<\/li>\n<\/ol>\n","protected":false},"excerpt":{"rendered":"<p>Titanleg: De ultieme armsteun voor tatoeage- en PMU-studio&#8217;s Ervaar comfort en flexibiliteit met de Titanleg armsteun. Ontworpen voor ergonomisch en hygi\u00ebnisch werken, biedt deze innovatieve armsteun traploze instelmogelijkheden met slechts \u00e9\u00e9n hand. Met een verstelbare hoogte van 72 tot 122 cm en een royaal kussen van 40&#215;70 cm, is de Titanleg perfect afgestemd op de [&hellip;]<\/p>\n","protected":false},"featured_media":19016,"comment_status":"closed","ping_status":"closed","template":"","meta":{"inline_featured_image":false},"product_cat":[15],"product_tag":[98],"class_list":{"0":"post-19010","1":"product","2":"type-product","3":"status-publish","4":"has-post-thumbnail","6":"product_cat-algemeen","7":"product_tag-titanleg","9":"first","10":"instock","11":"taxable","12":"shipping-taxable","13":"purchasable","14":"product-type-simple"},"yoast_head":"<!-- This site is optimized with the Yoast SEO plugin v27.4 - https:\/\/yoast.com\/product\/yoast-seo-wordpress\/ -->\n<title>Black Friday! TitanLeg: de ultieme armsteun - Silk Cartridges<\/title>\n<meta name=\"robots\" content=\"index, follow, max-snippet:-1, max-image-preview:large, max-video-preview:-1\" \/>\n<link rel=\"canonical\" href=\"https:\/\/silkcartridges.com\/nl\/product\/titanleg\" \/>\n<meta property=\"og:locale\" content=\"nl_NL\" \/>\n<meta property=\"og:type\" content=\"article\" \/>\n<meta property=\"og:title\" content=\"Black Friday! TitanLeg: de ultieme armsteun - Silk Cartridges\" \/>\n<meta property=\"og:description\" content=\"Titanleg: De ultieme armsteun voor tatoeage- en PMU-studio&#8217;s Ervaar comfort en flexibiliteit met de Titanleg armsteun. Ontworpen voor ergonomisch en hygi\u00ebnisch werken, biedt deze innovatieve armsteun traploze instelmogelijkheden met slechts \u00e9\u00e9n hand. Met een verstelbare hoogte van 72 tot 122 cm en een royaal kussen van 40&#215;70 cm, is de Titanleg perfect afgestemd op de [&hellip;]\" \/>\n<meta property=\"og:url\" content=\"https:\/\/silkcartridges.com\/nl\/product\/titanleg\" \/>\n<meta property=\"og:site_name\" content=\"Silk Cartridges\" \/>\n<meta property=\"article:modified_time\" content=\"2025-12-01T08:38:58+00:00\" \/>\n<meta property=\"og:image\" content=\"https:\/\/silkcartridges.com\/wp-content\/uploads\/2024\/12\/titanleg-scaled.jpg\" \/>\n\t<meta property=\"og:image:width\" content=\"1810\" \/>\n\t<meta property=\"og:image:height\" content=\"2560\" \/>\n\t<meta property=\"og:image:type\" content=\"image\/jpeg\" \/>\n<meta name=\"twitter:card\" content=\"summary_large_image\" \/>\n<meta name=\"twitter:label1\" content=\"Geschatte leestijd\" \/>\n\t<meta name=\"twitter:data1\" content=\"1 minuut\" \/>\n<script type=\"application\/ld+json\" class=\"yoast-schema-graph\">{\"@context\":\"https:\\\/\\\/schema.org\",\"@graph\":[{\"@type\":\"WebPage\",\"@id\":\"https:\\\/\\\/silkcartridges.com\\\/nl\\\/product\\\/titanleg\",\"url\":\"https:\\\/\\\/silkcartridges.com\\\/nl\\\/product\\\/titanleg\",\"name\":\"Black Friday! TitanLeg: de ultieme armsteun - Silk Cartridges\",\"isPartOf\":{\"@id\":\"https:\\\/\\\/silkcartridges.com\\\/#website\"},\"primaryImageOfPage\":{\"@id\":\"https:\\\/\\\/silkcartridges.com\\\/nl\\\/product\\\/titanleg#primaryimage\"},\"image\":{\"@id\":\"https:\\\/\\\/silkcartridges.com\\\/nl\\\/product\\\/titanleg#primaryimage\"},\"thumbnailUrl\":\"https:\\\/\\\/silkcartridges.com\\\/wp-content\\\/uploads\\\/2024\\\/12\\\/titanleg-scaled.jpg\",\"datePublished\":\"2024-12-17T08:18:21+00:00\",\"dateModified\":\"2025-12-01T08:38:58+00:00\",\"breadcrumb\":{\"@id\":\"https:\\\/\\\/silkcartridges.com\\\/nl\\\/product\\\/titanleg#breadcrumb\"},\"inLanguage\":\"nl-NL\",\"potentialAction\":[{\"@type\":\"ReadAction\",\"target\":[\"https:\\\/\\\/silkcartridges.com\\\/nl\\\/product\\\/titanleg\"]}]},{\"@type\":\"ImageObject\",\"inLanguage\":\"nl-NL\",\"@id\":\"https:\\\/\\\/silkcartridges.com\\\/nl\\\/product\\\/titanleg#primaryimage\",\"url\":\"https:\\\/\\\/silkcartridges.com\\\/wp-content\\\/uploads\\\/2024\\\/12\\\/titanleg-scaled.jpg\",\"contentUrl\":\"https:\\\/\\\/silkcartridges.com\\\/wp-content\\\/uploads\\\/2024\\\/12\\\/titanleg-scaled.jpg\",\"width\":1810,\"height\":2560},{\"@type\":\"BreadcrumbList\",\"@id\":\"https:\\\/\\\/silkcartridges.com\\\/nl\\\/product\\\/titanleg#breadcrumb\",\"itemListElement\":[{\"@type\":\"ListItem\",\"position\":1,\"name\":\"Home\",\"item\":\"https:\\\/\\\/silkcartridges.com\\\/\"},{\"@type\":\"ListItem\",\"position\":2,\"name\":\"Shop\",\"item\":\"https:\\\/\\\/silkcartridges.com\\\/nl\\\/shop\"},{\"@type\":\"ListItem\",\"position\":3,\"name\":\"Black Friday! TitanLeg: de ultieme armsteun\"}]},{\"@type\":\"WebSite\",\"@id\":\"https:\\\/\\\/silkcartridges.com\\\/#website\",\"url\":\"https:\\\/\\\/silkcartridges.com\\\/\",\"name\":\"Silk Cartridges\",\"description\":\"\",\"publisher\":{\"@id\":\"https:\\\/\\\/silkcartridges.com\\\/#organization\"},\"potentialAction\":[{\"@type\":\"SearchAction\",\"target\":{\"@type\":\"EntryPoint\",\"urlTemplate\":\"https:\\\/\\\/silkcartridges.com\\\/?s={search_term_string}\"},\"query-input\":{\"@type\":\"PropertyValueSpecification\",\"valueRequired\":true,\"valueName\":\"search_term_string\"}}],\"inLanguage\":\"nl-NL\"},{\"@type\":\"Organization\",\"@id\":\"https:\\\/\\\/silkcartridges.com\\\/#organization\",\"name\":\"Silk Cartridges\",\"url\":\"https:\\\/\\\/silkcartridges.com\\\/\",\"logo\":{\"@type\":\"ImageObject\",\"inLanguage\":\"nl-NL\",\"@id\":\"https:\\\/\\\/silkcartridges.com\\\/#\\\/schema\\\/logo\\\/image\\\/\",\"url\":\"https:\\\/\\\/silkcartridges.com\\\/wp-content\\\/uploads\\\/2021\\\/12\\\/cropped-sylk-logo-01-01.png\",\"contentUrl\":\"https:\\\/\\\/silkcartridges.com\\\/wp-content\\\/uploads\\\/2021\\\/12\\\/cropped-sylk-logo-01-01.png\",\"width\":1250,\"height\":834,\"caption\":\"Silk Cartridges\"},\"image\":{\"@id\":\"https:\\\/\\\/silkcartridges.com\\\/#\\\/schema\\\/logo\\\/image\\\/\"}}]}<\/script>\n<!-- \/ Yoast SEO plugin. -->","yoast_head_json":{"title":"Black Friday! TitanLeg: de ultieme armsteun - Silk Cartridges","robots":{"index":"index","follow":"follow","max-snippet":"max-snippet:-1","max-image-preview":"max-image-preview:large","max-video-preview":"max-video-preview:-1"},"canonical":"https:\/\/silkcartridges.com\/nl\/product\/titanleg","og_locale":"nl_NL","og_type":"article","og_title":"Black Friday! TitanLeg: de ultieme armsteun - Silk Cartridges","og_description":"Titanleg: De ultieme armsteun voor tatoeage- en PMU-studio&#8217;s Ervaar comfort en flexibiliteit met de Titanleg armsteun. Ontworpen voor ergonomisch en hygi\u00ebnisch werken, biedt deze innovatieve armsteun traploze instelmogelijkheden met slechts \u00e9\u00e9n hand. Met een verstelbare hoogte van 72 tot 122 cm en een royaal kussen van 40&#215;70 cm, is de Titanleg perfect afgestemd op de [&hellip;]","og_url":"https:\/\/silkcartridges.com\/nl\/product\/titanleg","og_site_name":"Silk Cartridges","article_modified_time":"2025-12-01T08:38:58+00:00","og_image":[{"width":1810,"height":2560,"url":"https:\/\/silkcartridges.com\/wp-content\/uploads\/2024\/12\/titanleg-scaled.jpg","type":"image\/jpeg"}],"twitter_card":"summary_large_image","twitter_misc":{"Geschatte leestijd":"1 minuut"},"schema":{"@context":"https:\/\/schema.org","@graph":[{"@type":"WebPage","@id":"https:\/\/silkcartridges.com\/nl\/product\/titanleg","url":"https:\/\/silkcartridges.com\/nl\/product\/titanleg","name":"Black Friday! TitanLeg: de ultieme armsteun - Silk Cartridges","isPartOf":{"@id":"https:\/\/silkcartridges.com\/#website"},"primaryImageOfPage":{"@id":"https:\/\/silkcartridges.com\/nl\/product\/titanleg#primaryimage"},"image":{"@id":"https:\/\/silkcartridges.com\/nl\/product\/titanleg#primaryimage"},"thumbnailUrl":"https:\/\/silkcartridges.com\/wp-content\/uploads\/2024\/12\/titanleg-scaled.jpg","datePublished":"2024-12-17T08:18:21+00:00","dateModified":"2025-12-01T08:38:58+00:00","breadcrumb":{"@id":"https:\/\/silkcartridges.com\/nl\/product\/titanleg#breadcrumb"},"inLanguage":"nl-NL","potentialAction":[{"@type":"ReadAction","target":["https:\/\/silkcartridges.com\/nl\/product\/titanleg"]}]},{"@type":"ImageObject","inLanguage":"nl-NL","@id":"https:\/\/silkcartridges.com\/nl\/product\/titanleg#primaryimage","url":"https:\/\/silkcartridges.com\/wp-content\/uploads\/2024\/12\/titanleg-scaled.jpg","contentUrl":"https:\/\/silkcartridges.com\/wp-content\/uploads\/2024\/12\/titanleg-scaled.jpg","width":1810,"height":2560},{"@type":"BreadcrumbList","@id":"https:\/\/silkcartridges.com\/nl\/product\/titanleg#breadcrumb","itemListElement":[{"@type":"ListItem","position":1,"name":"Home","item":"https:\/\/silkcartridges.com\/"},{"@type":"ListItem","position":2,"name":"Shop","item":"https:\/\/silkcartridges.com\/nl\/shop"},{"@type":"ListItem","position":3,"name":"Black Friday! TitanLeg: de ultieme armsteun"}]},{"@type":"WebSite","@id":"https:\/\/silkcartridges.com\/#website","url":"https:\/\/silkcartridges.com\/","name":"Silk Cartridges","description":"","publisher":{"@id":"https:\/\/silkcartridges.com\/#organization"},"potentialAction":[{"@type":"SearchAction","target":{"@type":"EntryPoint","urlTemplate":"https:\/\/silkcartridges.com\/?s={search_term_string}"},"query-input":{"@type":"PropertyValueSpecification","valueRequired":true,"valueName":"search_term_string"}}],"inLanguage":"nl-NL"},{"@type":"Organization","@id":"https:\/\/silkcartridges.com\/#organization","name":"Silk Cartridges","url":"https:\/\/silkcartridges.com\/","logo":{"@type":"ImageObject","inLanguage":"nl-NL","@id":"https:\/\/silkcartridges.com\/#\/schema\/logo\/image\/","url":"https:\/\/silkcartridges.com\/wp-content\/uploads\/2021\/12\/cropped-sylk-logo-01-01.png","contentUrl":"https:\/\/silkcartridges.com\/wp-content\/uploads\/2021\/12\/cropped-sylk-logo-01-01.png","width":1250,"height":834,"caption":"Silk Cartridges"},"image":{"@id":"https:\/\/silkcartridges.com\/#\/schema\/logo\/image\/"}}]}},"_links":{"self":[{"href":"https:\/\/silkcartridges.com\/nl\/wp-json\/wp\/v2\/product\/19010","targetHints":{"allow":["GET"]}}],"collection":[{"href":"https:\/\/silkcartridges.com\/nl\/wp-json\/wp\/v2\/product"}],"about":[{"href":"https:\/\/silkcartridges.com\/nl\/wp-json\/wp\/v2\/types\/product"}],"replies":[{"embeddable":true,"href":"https:\/\/silkcartridges.com\/nl\/wp-json\/wp\/v2\/comments?post=19010"}],"wp:featuredmedia":[{"embeddable":true,"href":"https:\/\/silkcartridges.com\/nl\/wp-json\/wp\/v2\/media\/19016"}],"wp:attachment":[{"href":"https:\/\/silkcartridges.com\/nl\/wp-json\/wp\/v2\/media?parent=19010"}],"wp:term":[{"taxonomy":"product_cat","embeddable":true,"href":"https:\/\/silkcartridges.com\/nl\/wp-json\/wp\/v2\/product_cat?post=19010"},{"taxonomy":"product_tag","embeddable":true,"href":"https:\/\/silkcartridges.com\/nl\/wp-json\/wp\/v2\/product_tag?post=19010"}],"curies":[{"name":"wp","href":"https:\/\/api.w.org\/{rel}","templated":true}]}}